{"id":1142,"date":"2020-01-13T11:17:52","date_gmt":"2020-01-13T11:17:52","guid":{"rendered":"https:\/\/demosites.io\/web-agency-gb\/?page_id=5"},"modified":"2022-08-09T15:18:22","modified_gmt":"2022-08-09T13:18:22","slug":"15c42-web-agency-gb-home","status":"publish","type":"page","link":"https:\/\/kemiformler.dk\/","title":{"rendered":"Home"},"content":{"rendered":"\t\t<div data-elementor-type=\"wp-page\" data-elementor-id=\"1142\" class=\"elementor elementor-1142\">\n\t\t\t\t\t\t<section class=\"elementor-section elementor-top-section elementor-element elementor-element-64a758a3 elementor-section-boxed elementor-section-height-default elementor-section-height-default\" data-id=\"64a758a3\" data-element_type=\"section\">\n\t\t\t\t\t\t<div class=\"elementor-container elementor-column-gap-default\">\n\t\t\t\t\t<div class=\"elementor-column elementor-col-100 elementor-top-column elementor-element elementor-element-5170c467\" data-id=\"5170c467\" data-element_type=\"column\">\n\t\t\t<div class=\"elementor-widget-wrap elementor-element-populated\">\n\t\t\t\t\t\t<div class=\"elementor-element elementor-element-209068d elementor-widget elementor-widget-heading\" data-id=\"209068d\" data-element_type=\"widget\" data-widget_type=\"heading.default\">\n\t\t\t\t<div class=\"elementor-widget-container\">\n\t\t\t\t\t<h1 class=\"elementor-heading-title elementor-size-default\">G\u00f8r kemi nemmere<\/h1>\t\t\t\t<\/div>\n\t\t\t\t<\/div>\n\t\t\t\t\t<\/div>\n\t\t<\/div>\n\t\t\t\t\t<\/div>\n\t\t<\/section>\n\t\t\t\t<section class=\"elementor-section elementor-top-section elementor-element elementor-element-0e52e01 elementor-section-boxed elementor-section-height-default elementor-section-height-default\" data-id=\"0e52e01\" data-element_type=\"section\">\n\t\t\t\t\t\t<div class=\"elementor-container elementor-column-gap-default\">\n\t\t\t\t\t<div class=\"elementor-column elementor-col-50 elementor-top-column elementor-element elementor-element-91e1c97\" data-id=\"91e1c97\" data-element_type=\"column\">\n\t\t\t<div class=\"elementor-widget-wrap elementor-element-populated\">\n\t\t\t\t\t\t<div class=\"elementor-element elementor-element-5c8c830 elementor-widget elementor-widget-text-editor\" data-id=\"5c8c830\" data-element_type=\"widget\" data-widget_type=\"text-editor.default\">\n\t\t\t\t<div class=\"elementor-widget-container\">\n\t\t\t\t\t\t\t\t\t<p>Kemiske formler s\u00e5som CO\u2082 og Cl\u207b skrives med h\u00e6vede og s\u00e6nkede tegn. Det er i bedste fald besv\u00e6rligt, og m\u00e5ske derfor anvendes ofte forkerte skrivem\u00e5der som fx CO2.\u00a0<span style=\"color: var( --e-global-color-text ); font-family: var( --e-global-typography-text-font-family ), Sans-serif; font-weight: var( --e-global-typography-text-font-weight ); background-color: var(--nv-site-bg); font-size: var(--bodyfontsize); letter-spacing: var(--bodyletterspacing); text-transform: var(--bodytexttransform);\">Men efter en installation af autocorrect kan du opskrive korrekte kemiske formler helt uden indsats.<\/span><\/p><p><span style=\"color: var( --e-global-color-text ); font-family: var( --e-global-typography-text-font-family ), Sans-serif; font-weight: var( --e-global-typography-text-font-weight ); background-color: var(--nv-site-bg); font-size: var(--bodyfontsize); letter-spacing: var(--bodyletterspacing); text-transform: var(--bodytexttransform);\">Denne hjemmeside er oprindeligt tilt\u00e6nkt til undervisningsbrug, men indeholder materiale, der g\u00f8r kemi nemmere for\u00a0enhver der arbejder med kemi i dagligdagen.<\/span><\/p><p><span style=\"background-color: var(--nv-site-bg); color: var( --e-global-color-text ); font-family: var( --e-global-typography-text-font-family ), Sans-serif; font-size: var(--bodyfontsize); font-weight: var( --e-global-typography-text-font-weight ); letter-spacing: var(--bodyletterspacing); text-transform: var(--bodytexttransform);\">Alt indhold er freeware.<\/span><\/p>\t\t\t\t\t\t\t\t<\/div>\n\t\t\t\t<\/div>\n\t\t\t\t<div class=\"elementor-element elementor-element-3465f2a elementor-widget elementor-widget-button\" data-id=\"3465f2a\" data-element_type=\"widget\" data-widget_type=\"button.default\">\n\t\t\t\t<div class=\"elementor-widget-container\">\n\t\t\t\t\t\t\t\t\t<div class=\"elementor-button-wrapper\">\n\t\t\t\t\t<a class=\"elementor-button elementor-button-link elementor-size-sm\" href=\"https:\/\/kemiformler.dk\/index.php\/autocorrect\/\">\n\t\t\t\t\t\t<span class=\"elementor-button-content-wrapper\">\n\t\t\t\t\t\t\t\t\t<span class=\"elementor-button-text\">L\u00e6r mere om kemi-autocorrect<\/span>\n\t\t\t\t\t<\/span>\n\t\t\t\t\t<\/a>\n\t\t\t\t<\/div>\n\t\t\t\t\t\t\t\t<\/div>\n\t\t\t\t<\/div>\n\t\t\t\t\t<\/div>\n\t\t<\/div>\n\t\t\t\t<div class=\"elementor-column elementor-col-50 elementor-top-column elementor-element elementor-element-2b459f6\" data-id=\"2b459f6\" data-element_type=\"column\">\n\t\t\t<div class=\"elementor-widget-wrap elementor-element-populated\">\n\t\t\t\t\t\t<div class=\"elementor-element elementor-element-5350eba elementor-widget elementor-widget-image\" data-id=\"5350eba\" data-element_type=\"widget\" data-widget_type=\"image.default\">\n\t\t\t\t<div class=\"elementor-widget-container\">\n\t\t\t\t\t\t\t\t\t\t\t\t\t\t\t<img fetchpriority=\"high\" decoding=\"async\" width=\"1024\" height=\"620\" src=\"https:\/\/kemiformler.dk\/wp-content\/uploads\/2022\/07\/Baggrund-med-faeldningsreaktioners-1024x620.png\" class=\"attachment-large size-large wp-image-1286\" alt=\"\" srcset=\"https:\/\/kemiformler.dk\/wp-content\/uploads\/2022\/07\/Baggrund-med-faeldningsreaktioners-1024x620.png 1024w, https:\/\/kemiformler.dk\/wp-content\/uploads\/2022\/07\/Baggrund-med-faeldningsreaktioners-300x182.png 300w, https:\/\/kemiformler.dk\/wp-content\/uploads\/2022\/07\/Baggrund-med-faeldningsreaktioners-768x465.png 768w, https:\/\/kemiformler.dk\/wp-content\/uploads\/2022\/07\/Baggrund-med-faeldningsreaktioners-1536x930.png 1536w, https:\/\/kemiformler.dk\/wp-content\/uploads\/2022\/07\/Baggrund-med-faeldningsreaktioners-2048x1239.png 2048w\" sizes=\"(max-width: 1024px) 100vw, 1024px\" \/>\t\t\t\t\t\t\t\t\t\t\t\t\t\t\t<\/div>\n\t\t\t\t<\/div>\n\t\t\t\t\t<\/div>\n\t\t<\/div>\n\t\t\t\t\t<\/div>\n\t\t<\/section>\n\t\t\t\t<\/div>\n\t\t","protected":false},"excerpt":{"rendered":"<p>G\u00f8r kemi nemmere Kemiske formler s\u00e5som CO\u2082 og Cl\u207b skrives med h\u00e6vede og s\u00e6nkede tegn. Det er i bedste fald besv\u00e6rligt, og m\u00e5ske derfor anvendes ofte forkerte skrivem\u00e5der som fx CO2.\u00a0Men efter en installation af autocorrect kan du opskrive korrekte kemiske formler helt uden indsats. Denne hjemmeside er oprindeligt tilt\u00e6nkt til undervisningsbrug, men indeholder materiale,&hellip;&nbsp;<a href=\"https:\/\/kemiformler.dk\/\" class=\"\" rel=\"bookmark\">Read More &raquo;<span class=\"screen-reader-text\">Home<\/span><\/a><\/p>\n","protected":false},"author":1,"featured_media":0,"parent":0,"menu_order":0,"comment_status":"closed","ping_status":"closed","template":"","meta":{"neve_meta_sidebar":"default","neve_meta_container":"default","neve_meta_enable_content_width":"on","neve_meta_content_width":100,"neve_meta_title_alignment":"left","neve_meta_author_avatar":"","neve_post_elements_order":"","neve_meta_disable_header":"off","neve_meta_disable_footer":"","neve_meta_disable_title":"on","footnotes":""},"class_list":["post-1142","page","type-page","status-publish","hentry"],"_links":{"self":[{"href":"https:\/\/kemiformler.dk\/index.php\/wp-json\/wp\/v2\/pages\/1142","targetHints":{"allow":["GET"]}}],"collection":[{"href":"https:\/\/kemiformler.dk\/index.php\/wp-json\/wp\/v2\/pages"}],"about":[{"href":"https:\/\/kemiformler.dk\/index.php\/wp-json\/wp\/v2\/types\/page"}],"author":[{"embeddable":true,"href":"https:\/\/kemiformler.dk\/index.php\/wp-json\/wp\/v2\/users\/1"}],"replies":[{"embeddable":true,"href":"https:\/\/kemiformler.dk\/index.php\/wp-json\/wp\/v2\/comments?post=1142"}],"version-history":[{"count":73,"href":"https:\/\/kemiformler.dk\/index.php\/wp-json\/wp\/v2\/pages\/1142\/revisions"}],"predecessor-version":[{"id":1879,"href":"https:\/\/kemiformler.dk\/index.php\/wp-json\/wp\/v2\/pages\/1142\/revisions\/1879"}],"wp:attachment":[{"href":"https:\/\/kemiformler.dk\/index.php\/wp-json\/wp\/v2\/media?parent=1142"}],"curies":[{"name":"wp","href":"https:\/\/api.w.org\/{rel}","templated":true}]}}