{"id":1199,"date":"2022-07-04T21:07:27","date_gmt":"2022-07-04T21:07:27","guid":{"rendered":"http:\/\/kemiformler.dk\/?page_id=1199"},"modified":"2026-01-27T18:50:39","modified_gmt":"2026-01-27T17:50:39","slug":"autocorrect","status":"publish","type":"page","link":"https:\/\/kemiformler.dk\/index.php\/autocorrect\/","title":{"rendered":"Autocorrect Download"},"content":{"rendered":"\t\t<div data-elementor-type=\"wp-post\" data-elementor-id=\"1199\" class=\"elementor elementor-1199\">\n\t\t\t\t\t\t<section class=\"elementor-section elementor-top-section elementor-element elementor-element-e5a8dce elementor-section-boxed elementor-section-height-default elementor-section-height-default\" data-id=\"e5a8dce\" data-element_type=\"section\">\n\t\t\t\t\t\t<div class=\"elementor-container elementor-column-gap-default\">\n\t\t\t\t\t<div class=\"elementor-column elementor-col-100 elementor-top-column elementor-element elementor-element-63953b3\" data-id=\"63953b3\" data-element_type=\"column\">\n\t\t\t<div class=\"elementor-widget-wrap\">\n\t\t\t\t\t\t\t<\/div>\n\t\t<\/div>\n\t\t\t\t\t<\/div>\n\t\t<\/section>\n\t\t\t\t<section class=\"elementor-section elementor-top-section elementor-element elementor-element-989b1f7 elementor-section-boxed elementor-section-height-default elementor-section-height-default\" data-id=\"989b1f7\" data-element_type=\"section\">\n\t\t\t\t\t\t<div class=\"elementor-container elementor-column-gap-default\">\n\t\t\t\t\t<div class=\"elementor-column elementor-col-100 elementor-top-column elementor-element elementor-element-bb4455b\" data-id=\"bb4455b\" data-element_type=\"column\">\n\t\t\t<div class=\"elementor-widget-wrap elementor-element-populated\">\n\t\t\t\t\t\t<div class=\"elementor-element elementor-element-9360a49 elementor-widget elementor-widget-heading\" data-id=\"9360a49\" data-element_type=\"widget\" data-widget_type=\"heading.default\">\n\t\t\t\t<div class=\"elementor-widget-container\">\n\t\t\t\t\t<h1 class=\"elementor-heading-title elementor-size-default\">Forskellige Autocorrect-muligheder<\/h1>\t\t\t\t<\/div>\n\t\t\t\t<\/div>\n\t\t\t\t<div class=\"elementor-element elementor-element-b1fa5e9 elementor-widget-divider--view-line elementor-widget elementor-widget-divider\" data-id=\"b1fa5e9\" data-element_type=\"widget\" data-widget_type=\"divider.default\">\n\t\t\t\t<div class=\"elementor-widget-container\">\n\t\t\t\t\t\t\t<div class=\"elementor-divider\">\n\t\t\t<span class=\"elementor-divider-separator\">\n\t\t\t\t\t\t<\/span>\n\t\t<\/div>\n\t\t\t\t\t\t<\/div>\n\t\t\t\t<\/div>\n\t\t\t\t<div class=\"elementor-element elementor-element-91d583a elementor-widget elementor-widget-eael-advanced-data-table\" data-id=\"91d583a\" data-element_type=\"widget\" data-widget_type=\"eael-advanced-data-table.default\">\n\t\t\t\t<div class=\"elementor-widget-container\">\n\t\t\t\t\t<div class=\"ea-advanced-data-table-wrap\" data-id=\"91d583a\"><div class=\"ea-advanced-data-table-wrap-inner\">\n                <table class=\"ea-advanced-data-table ea-advanced-data-table-static ea-advanced-data-table-91d583a\" data-id=\"91d583a\"><thead><tr><th style=\"width: 170px\"><p>AutocorrectType<\/p><\/th><th style=\"width: 191px\"><p>Kompatibilitet <\/p><\/th><th style=\"width: 186px\"><p>Virker i<\/p><\/th><th style=\"width: 167px\"><p>Installation<\/p><\/th><\/tr><\/thead><tbody><tr><td><p><strong><em>AutoHotKey<\/em><\/strong><\/p><\/td><td><p>Kun Windows<\/p><\/td><td><p>Alle programmer<\/p><\/td><td><p>Nemt<\/p><\/td><\/tr><tr><td><p><strong><em>Words Autocorrect<\/em><\/strong><\/p><\/td><td><p>Alle styresystemer<\/p><\/td><td><p>Kun Word<\/p><\/td><td><p>Nemt<\/p><\/td><\/tr><tr><td><p><strong><em>Espanso<\/em><\/strong><\/p><\/td><td><p>Alle styresystemer<\/p><\/td><td><p>Alle programmer<\/p><\/td><td><p>Besv\u00e6rligt - is\u00e6r p\u00e5 MacOS<\/p><\/td><\/tr><\/tbody><\/table>\n            <\/div><\/div>\t\t\t\t<\/div>\n\t\t\t\t<\/div>\n\t\t\t\t<div class=\"elementor-element elementor-element-4a7bbb2 elementor-widget elementor-widget-text-editor\" data-id=\"4a7bbb2\" data-element_type=\"widget\" data-widget_type=\"text-editor.default\">\n\t\t\t\t<div class=\"elementor-widget-container\">\n\t\t\t\t\t\t\t\t\t<p data-path-to-node=\"4,0\">Der findes flere m\u00e5der at f\u00e5 kemi-autokorrektur p\u00e5 din computer. Fordelen ved AutoHotkey (AHK) er, at det virker overalt \u2013 uanset om du skriver i en browser eller et andet program.<\/p><p data-path-to-node=\"4,1\">Jeg anbefaler dog, at du starter med at installere l\u00f8sningen til Word (en .docm-fil). Den indeholder nemlig ogs\u00e5 smarte funktioner til matematik-ligninger og skabeloner til dine afleveringer. Bem\u00e6rk, at AutoHotkey-filen automatisk sl\u00e5r fra, n\u00e5r du er inde i Word. Det sikrer, at de to programmer ikke modarbejder hinanden.<\/p>\t\t\t\t\t\t\t\t<\/div>\n\t\t\t\t<\/div>\n\t\t\t\t<div class=\"elementor-element elementor-element-43a1a1d elementor-widget-divider--view-line elementor-widget elementor-widget-divider\" data-id=\"43a1a1d\" data-element_type=\"widget\" data-widget_type=\"divider.default\">\n\t\t\t\t<div class=\"elementor-widget-container\">\n\t\t\t\t\t\t\t<div class=\"elementor-divider\">\n\t\t\t<span class=\"elementor-divider-separator\">\n\t\t\t\t\t\t<\/span>\n\t\t<\/div>\n\t\t\t\t\t\t<\/div>\n\t\t\t\t<\/div>\n\t\t\t\t\t<\/div>\n\t\t<\/div>\n\t\t\t\t\t<\/div>\n\t\t<\/section>\n\t\t\t\t<section class=\"elementor-section elementor-top-section elementor-element elementor-element-309f5a9 elementor-section-boxed elementor-section-height-default elementor-section-height-default\" data-id=\"309f5a9\" data-element_type=\"section\">\n\t\t\t\t\t\t<div class=\"elementor-container elementor-column-gap-default\">\n\t\t\t\t\t<div class=\"elementor-column elementor-col-33 elementor-top-column elementor-element elementor-element-c5e7309\" data-id=\"c5e7309\" data-element_type=\"column\">\n\t\t\t<div class=\"elementor-widget-wrap elementor-element-populated\">\n\t\t\t\t\t\t<div class=\"elementor-element elementor-element-dfa4b59 elementor-widget elementor-widget-heading\" data-id=\"dfa4b59\" data-element_type=\"widget\" data-widget_type=\"heading.default\">\n\t\t\t\t<div class=\"elementor-widget-container\">\n\t\t\t\t\t<h2 class=\"elementor-heading-title elementor-size-default\">AutoHotKey<\/h2>\t\t\t\t<\/div>\n\t\t\t\t<\/div>\n\t\t\t\t<div class=\"elementor-element elementor-element-04bb376 elementor-widget elementor-widget-image\" data-id=\"04bb376\" data-element_type=\"widget\" data-widget_type=\"image.default\">\n\t\t\t\t<div class=\"elementor-widget-container\">\n\t\t\t\t\t\t\t\t\t\t\t\t\t\t\t<img fetchpriority=\"high\" decoding=\"async\" width=\"1024\" height=\"346\" src=\"https:\/\/kemiformler.dk\/wp-content\/uploads\/2022\/07\/Autohotkey-1024x346.png\" class=\"attachment-large size-large wp-image-1172\" alt=\"\" srcset=\"https:\/\/kemiformler.dk\/wp-content\/uploads\/2022\/07\/Autohotkey-1024x346.png 1024w, https:\/\/kemiformler.dk\/wp-content\/uploads\/2022\/07\/Autohotkey-300x102.png 300w, https:\/\/kemiformler.dk\/wp-content\/uploads\/2022\/07\/Autohotkey-768x260.png 768w, https:\/\/kemiformler.dk\/wp-content\/uploads\/2022\/07\/Autohotkey.png 1200w\" sizes=\"(max-width: 1024px) 100vw, 1024px\" \/>\t\t\t\t\t\t\t\t\t\t\t\t\t\t\t<\/div>\n\t\t\t\t<\/div>\n\t\t\t\t<div class=\"elementor-element elementor-element-9a2bfe8 elementor-widget elementor-widget-text-editor\" data-id=\"9a2bfe8\" data-element_type=\"widget\" data-widget_type=\"text-editor.default\">\n\t\t\t\t<div class=\"elementor-widget-container\">\n\t\t\t\t\t\t\t\t\t<p>Download f\u00f8rst <a href=\"https:\/\/www.autohotkey.com\/\">AutoHotKey v. 2.0<\/a> (freeware), og dern\u00e6st nedenst\u00e5ende\u00a0<span style=\"color: var( --e-global-color-text ); font-family: var( --e-global-typography-text-font-family ), Sans-serif; font-weight: var( --e-global-typography-text-font-weight ); background-color: var(--nv-site-bg); font-size: var(--bodyfontsize); letter-spacing: var(--bodyletterspacing); text-transform: var(--bodytexttransform);\">AHK-fil, som giver dig autocorrect i hele Windows.\u00a0<br \/><\/span><span style=\"background-color: var(--nv-site-bg); color: var( --e-global-color-text ); font-family: var( --e-global-typography-text-font-family ), Sans-serif; font-size: var(--bodyfontsize); font-weight: var( --e-global-typography-text-font-weight ); letter-spacing: var(--bodyletterspacing); text-transform: var(--bodytexttransform);\">L\u00e6s mere om installationen i vejledningen.<\/span><span style=\"color: var( --e-global-color-text ); font-family: var( --e-global-typography-text-font-family ), Sans-serif; font-weight: var( --e-global-typography-text-font-weight ); background-color: var(--nv-site-bg); font-size: var(--bodyfontsize); letter-spacing: var(--bodyletterspacing); text-transform: var(--bodytexttransform);\"><br \/><\/span><\/p><p>Bem\u00e6rk: AHK-filen som standard er sl\u00e5et fra i Word. Dette sikrer, at det ikke konflikter med Kemi-autokorrekt i Word.&#8221;<\/p>\t\t\t\t\t\t\t\t<\/div>\n\t\t\t\t<\/div>\n\t\t\t\t<div class=\"elementor-element elementor-element-7006958 myalignedcolumn elementor-widget elementor-widget-button\" data-id=\"7006958\" data-element_type=\"widget\" data-widget_type=\"button.default\">\n\t\t\t\t<div class=\"elementor-widget-container\">\n\t\t\t\t\t\t\t\t\t<div class=\"elementor-button-wrapper\">\n\t\t\t\t\t<a class=\"elementor-button elementor-button-link elementor-size-sm\" href=\"https:\/\/kemiformler.dk\/downloads\/ManualAutoHotKey.pdf\" target=\"_blank\">\n\t\t\t\t\t\t<span class=\"elementor-button-content-wrapper\">\n\t\t\t\t\t\t\t\t\t<span class=\"elementor-button-text\">L\u00e6s vejledningen til AutoHotKey<\/span>\n\t\t\t\t\t<\/span>\n\t\t\t\t\t<\/a>\n\t\t\t\t<\/div>\n\t\t\t\t\t\t\t\t<\/div>\n\t\t\t\t<\/div>\n\t\t\t\t<div class=\"elementor-element elementor-element-488e4c1 myalignedcolumn elementor-widget elementor-widget-button\" data-id=\"488e4c1\" data-element_type=\"widget\" data-widget_type=\"button.default\">\n\t\t\t\t<div class=\"elementor-widget-container\">\n\t\t\t\t\t\t\t\t\t<div class=\"elementor-button-wrapper\">\n\t\t\t\t\t<a class=\"elementor-button elementor-button-link elementor-size-sm\" href=\"https:\/\/kemiformler.dk\/downloads\/Autohotkey2026v2.ahk\" target=\"_blank\">\n\t\t\t\t\t\t<span class=\"elementor-button-content-wrapper\">\n\t\t\t\t\t\t\t\t\t<span class=\"elementor-button-text\">Download .AHK-fil med kemi-autocorrect<\/span>\n\t\t\t\t\t<\/span>\n\t\t\t\t\t<\/a>\n\t\t\t\t<\/div>\n\t\t\t\t\t\t\t\t<\/div>\n\t\t\t\t<\/div>\n\t\t\t\t\t<\/div>\n\t\t<\/div>\n\t\t\t\t<div class=\"elementor-column elementor-col-33 elementor-top-column elementor-element elementor-element-27d67ee\" data-id=\"27d67ee\" data-element_type=\"column\">\n\t\t\t<div class=\"elementor-widget-wrap elementor-element-populated\">\n\t\t\t\t\t\t<div class=\"elementor-element elementor-element-76b5752 elementor-widget elementor-widget-heading\" data-id=\"76b5752\" data-element_type=\"widget\" data-widget_type=\"heading.default\">\n\t\t\t\t<div class=\"elementor-widget-container\">\n\t\t\t\t\t<h2 class=\"elementor-heading-title elementor-size-default\">MS Word<\/h2>\t\t\t\t<\/div>\n\t\t\t\t<\/div>\n\t\t\t\t<div class=\"elementor-element elementor-element-1b83547 elementor-widget elementor-widget-image\" data-id=\"1b83547\" data-element_type=\"widget\" data-widget_type=\"image.default\">\n\t\t\t\t<div class=\"elementor-widget-container\">\n\t\t\t\t\t\t\t\t\t\t\t\t\t\t\t<img decoding=\"async\" width=\"300\" height=\"180\" src=\"https:\/\/kemiformler.dk\/wp-content\/uploads\/2022\/08\/Microsoft-word-windows-free-download-1200x720-1-300x180.png\" class=\"attachment-medium size-medium wp-image-1947\" alt=\"\" srcset=\"https:\/\/kemiformler.dk\/wp-content\/uploads\/2022\/08\/Microsoft-word-windows-free-download-1200x720-1-300x180.png 300w, https:\/\/kemiformler.dk\/wp-content\/uploads\/2022\/08\/Microsoft-word-windows-free-download-1200x720-1-1024x614.png 1024w, https:\/\/kemiformler.dk\/wp-content\/uploads\/2022\/08\/Microsoft-word-windows-free-download-1200x720-1-768x461.png 768w, https:\/\/kemiformler.dk\/wp-content\/uploads\/2022\/08\/Microsoft-word-windows-free-download-1200x720-1.png 1200w\" sizes=\"(max-width: 300px) 100vw, 300px\" \/>\t\t\t\t\t\t\t\t\t\t\t\t\t\t\t<\/div>\n\t\t\t\t<\/div>\n\t\t\t\t<div class=\"elementor-element elementor-element-d50d37d elementor-widget elementor-widget-text-editor\" data-id=\"d50d37d\" data-element_type=\"widget\" data-widget_type=\"text-editor.default\">\n\t\t\t\t<div class=\"elementor-widget-container\">\n\t\t\t\t\t\t\t\t\t<p>Herunder downloades en .docm-fil som er et Word-dokument med en VBA-Macro. Via nogle f\u00e5 kliks i dokumentet, tilf\u00f8jes ca. 3200 kemi-autocorrects til Words indbyggede autocorrects.<br \/><span style=\"color: var( --e-global-color-text ); font-family: var( --e-global-typography-text-font-family ), Sans-serif; font-weight: var( --e-global-typography-text-font-weight ); font-size: var(--bodyfontsize); letter-spacing: var(--bodyletterspacing); text-transform: var(--bodytexttransform); background-color: var(--nv-site-bg);\">Hvis din computer ikke tillader downloads af .docm-filer, kan du\u00a0<\/span><a style=\"font-family: var( --e-global-typography-text-font-family ), Sans-serif; font-weight: var( --e-global-typography-text-font-weight ); font-size: var(--bodyfontsize); letter-spacing: var(--bodyletterspacing); text-transform: var(--bodytexttransform); background-color: var(--nv-site-bg);\" href=\"https:\/\/kemiformler.dk\/index.php\/manuel-installation\/\">klikke her<\/a><span style=\"color: var( --e-global-color-text ); font-family: var( --e-global-typography-text-font-family ), Sans-serif; font-weight: var( --e-global-typography-text-font-weight ); font-size: var(--bodyfontsize); letter-spacing: var(--bodyletterspacing); text-transform: var(--bodytexttransform); background-color: var(--nv-site-bg);\">\u00a0<\/span><span style=\"color: var( --e-global-color-text ); font-family: var( --e-global-typography-text-font-family ), Sans-serif; font-weight: var( --e-global-typography-text-font-weight ); font-size: var(--bodyfontsize); letter-spacing: var(--bodyletterspacing); text-transform: var(--bodytexttransform); background-color: var(--nv-site-bg);\">for at l\u00e6se mere om installation\u00a0via en almindelig .docx-fil.<\/span><\/p>\t\t\t\t\t\t\t\t<\/div>\n\t\t\t\t<\/div>\n\t\t\t\t<div class=\"elementor-element elementor-element-1a410bd elementor-widget elementor-widget-button\" data-id=\"1a410bd\" data-element_type=\"widget\" data-widget_type=\"button.default\">\n\t\t\t\t<div class=\"elementor-widget-container\">\n\t\t\t\t\t\t\t\t\t<div class=\"elementor-button-wrapper\">\n\t\t\t\t\t<a class=\"elementor-button elementor-button-link elementor-size-sm\" href=\"https:\/\/kemiformler.dk\/downloads\/ManualAutocorrectWordOkt22.pdf\" target=\"_blank\">\n\t\t\t\t\t\t<span class=\"elementor-button-content-wrapper\">\n\t\t\t\t\t\t\t\t\t<span class=\"elementor-button-text\">L\u00e6s vejledningen til Word-Autocorrect<\/span>\n\t\t\t\t\t<\/span>\n\t\t\t\t\t<\/a>\n\t\t\t\t<\/div>\n\t\t\t\t\t\t\t\t<\/div>\n\t\t\t\t<\/div>\n\t\t\t\t<div class=\"elementor-element elementor-element-4248cd9 elementor-widget elementor-widget-button\" data-id=\"4248cd9\" data-element_type=\"widget\" data-widget_type=\"button.default\">\n\t\t\t\t<div class=\"elementor-widget-container\">\n\t\t\t\t\t\t\t\t\t<div class=\"elementor-button-wrapper\">\n\t\t\t\t\t<a class=\"elementor-button elementor-button-link elementor-size-sm\" href=\"https:\/\/kemiformler.dk\/downloads\/AutoCorrectWord2025.docm\">\n\t\t\t\t\t\t<span class=\"elementor-button-content-wrapper\">\n\t\t\t\t\t\t\t\t\t<span class=\"elementor-button-text\">Download .docm-fil med Autoinstallation<\/span>\n\t\t\t\t\t<\/span>\n\t\t\t\t\t<\/a>\n\t\t\t\t<\/div>\n\t\t\t\t\t\t\t\t<\/div>\n\t\t\t\t<\/div>\n\t\t\t\t<div class=\"elementor-element elementor-element-16ac31b elementor-align-center elementor-widget elementor-widget-button\" data-id=\"16ac31b\" data-element_type=\"widget\" data-widget_type=\"button.default\">\n\t\t\t\t<div class=\"elementor-widget-container\">\n\t\t\t\t\t\t\t\t\t<div class=\"elementor-button-wrapper\">\n\t\t\t\t\t<a class=\"elementor-button elementor-button-link elementor-size-sm\" href=\"https:\/\/www.youtube.com\/watch?v=ULqxRokD4rU&#038;ab_channel=Andnie\">\n\t\t\t\t\t\t<span class=\"elementor-button-content-wrapper\">\n\t\t\t\t\t\t\t\t\t<span class=\"elementor-button-text\">Video, der guider igennem installation<\/span>\n\t\t\t\t\t<\/span>\n\t\t\t\t\t<\/a>\n\t\t\t\t<\/div>\n\t\t\t\t\t\t\t\t<\/div>\n\t\t\t\t<\/div>\n\t\t\t\t\t<\/div>\n\t\t<\/div>\n\t\t\t\t<div class=\"elementor-column elementor-col-33 elementor-top-column elementor-element elementor-element-ae6c47c\" data-id=\"ae6c47c\" data-element_type=\"column\">\n\t\t\t<div class=\"elementor-widget-wrap elementor-element-populated\">\n\t\t\t\t\t\t<div class=\"elementor-element elementor-element-738a298 elementor-widget elementor-widget-heading\" data-id=\"738a298\" data-element_type=\"widget\" data-widget_type=\"heading.default\">\n\t\t\t\t<div class=\"elementor-widget-container\">\n\t\t\t\t\t<h2 class=\"elementor-heading-title elementor-size-default\"><span style=\"font-family: var( --e-global-typography-primary-font-family ), Sans-serif;font-size: var(--h2fontsize);font-weight: var( --e-global-typography-primary-font-weight );text-align: center;background-color: var(--nv-site-bg)\"> Espanso<\/span><\/h2>\t\t\t\t<\/div>\n\t\t\t\t<\/div>\n\t\t\t\t<div class=\"elementor-element elementor-element-0bbff50 elementor-widget elementor-widget-image\" data-id=\"0bbff50\" data-element_type=\"widget\" data-widget_type=\"image.default\">\n\t\t\t\t<div class=\"elementor-widget-container\">\n\t\t\t\t\t\t\t\t\t\t\t\t\t\t\t<img decoding=\"async\" width=\"1024\" height=\"237\" src=\"https:\/\/kemiformler.dk\/wp-content\/uploads\/2022\/07\/EspansoSymbol-1024x237.jpg\" class=\"attachment-large size-large wp-image-1216\" alt=\"\" srcset=\"https:\/\/kemiformler.dk\/wp-content\/uploads\/2022\/07\/EspansoSymbol-1024x237.jpg 1024w, https:\/\/kemiformler.dk\/wp-content\/uploads\/2022\/07\/EspansoSymbol-300x69.jpg 300w, https:\/\/kemiformler.dk\/wp-content\/uploads\/2022\/07\/EspansoSymbol-768x178.jpg 768w, https:\/\/kemiformler.dk\/wp-content\/uploads\/2022\/07\/EspansoSymbol.jpg 1029w\" sizes=\"(max-width: 1024px) 100vw, 1024px\" \/>\t\t\t\t\t\t\t\t\t\t\t\t\t\t\t<\/div>\n\t\t\t\t<\/div>\n\t\t\t\t<div class=\"elementor-element elementor-element-7438a14 elementor-widget elementor-widget-text-editor\" data-id=\"7438a14\" data-element_type=\"widget\" data-widget_type=\"text-editor.default\">\n\t\t\t\t<div class=\"elementor-widget-container\">\n\t\t\t\t\t\t\t\t\t<p>\u00a0<\/p><p>Download en espanso-fil, som skal placeres i en bestemt mappe. Det kr\u00e6ver at du f\u00f8rst installerer espanso (freeware)<span style=\"color: var( --e-global-color-text ); font-family: var( --e-global-typography-text-font-family ), Sans-serif; font-weight: var( --e-global-typography-text-font-weight ); background-color: var(--nv-site-bg); font-size: var(--bodyfontsize); letter-spacing: var(--bodyletterspacing); text-transform: var(--bodytexttransform);\">.\u00a0<\/span><\/p><p><span style=\"background-color: var(--nv-site-bg); color: var( --e-global-color-text ); font-family: var( --e-global-typography-text-font-family ), Sans-serif; font-size: var(--bodyfontsize); font-weight: var( --e-global-typography-text-font-weight ); letter-spacing: var(--bodyletterspacing); text-transform: var(--bodytexttransform);\">Selve installationen p\u00e5\u00a0<\/span><span style=\"color: var( --e-global-color-text ); font-family: var( --e-global-typography-text-font-family ), Sans-serif; font-weight: var( --e-global-typography-text-font-weight ); background-color: var(--nv-site-bg); font-size: var(--bodyfontsize); letter-spacing: var(--bodyletterspacing); text-transform: var(--bodytexttransform);\">MacOS\u00a0<\/span><span style=\"background-color: var(--nv-site-bg); color: var( --e-global-color-text ); font-family: var( --e-global-typography-text-font-family ), Sans-serif; font-size: var(--bodyfontsize); font-weight: var( --e-global-typography-text-font-weight ); letter-spacing: var(--bodyletterspacing); text-transform: var(--bodytexttransform);\">har vist sig at kr\u00e6ve lidt teknisk snilde.\u00a0<\/span><\/p>\t\t\t\t\t\t\t\t<\/div>\n\t\t\t\t<\/div>\n\t\t\t\t<div class=\"elementor-element elementor-element-f22bb55 myalignedcolumn elementor-widget elementor-widget-button\" data-id=\"f22bb55\" data-element_type=\"widget\" data-widget_type=\"button.default\">\n\t\t\t\t<div class=\"elementor-widget-container\">\n\t\t\t\t\t\t\t\t\t<div class=\"elementor-button-wrapper\">\n\t\t\t\t\t<a class=\"elementor-button elementor-button-link elementor-size-sm\" href=\"https:\/\/espanso.org\/docs\/install\/mac\/#problems-you-may-experience\" target=\"_blank\">\n\t\t\t\t\t\t<span class=\"elementor-button-content-wrapper\">\n\t\t\t\t\t\t\t\t\t<span class=\"elementor-button-text\">Espansos egen installationsvejledning<\/span>\n\t\t\t\t\t<\/span>\n\t\t\t\t\t<\/a>\n\t\t\t\t<\/div>\n\t\t\t\t\t\t\t\t<\/div>\n\t\t\t\t<\/div>\n\t\t\t\t<div class=\"elementor-element elementor-element-72c1507 myalignedcolumn elementor-widget elementor-widget-button\" data-id=\"72c1507\" data-element_type=\"widget\" data-widget_type=\"button.default\">\n\t\t\t\t<div class=\"elementor-widget-container\">\n\t\t\t\t\t\t\t\t\t<div class=\"elementor-button-wrapper\">\n\t\t\t\t\t<a class=\"elementor-button elementor-button-link elementor-size-sm\" href=\"https:\/\/kemiformler.dk\/downloads\/EspansoAutocorrect.yml\">\n\t\t\t\t\t\t<span class=\"elementor-button-content-wrapper\">\n\t\t\t\t\t\t\t\t\t<span class=\"elementor-button-text\">Download YML-fil med kemi-autocorrects<\/span>\n\t\t\t\t\t<\/span>\n\t\t\t\t\t<\/a>\n\t\t\t\t<\/div>\n\t\t\t\t\t\t\t\t<\/div>\n\t\t\t\t<\/div>\n\t\t\t\t\t<\/div>\n\t\t<\/div>\n\t\t\t\t\t<\/div>\n\t\t<\/section>\n\t\t\t\t<section class=\"elementor-section elementor-top-section elementor-element elementor-element-5ecc05c elementor-section-boxed elementor-section-height-default elementor-section-height-default\" data-id=\"5ecc05c\" data-element_type=\"section\">\n\t\t\t\t\t\t<div class=\"elementor-container elementor-column-gap-default\">\n\t\t\t\t\t<div class=\"elementor-column elementor-col-100 elementor-top-column elementor-element elementor-element-de647b6\" data-id=\"de647b6\" data-element_type=\"column\">\n\t\t\t<div class=\"elementor-widget-wrap elementor-element-populated\">\n\t\t\t\t\t\t<div class=\"elementor-element elementor-element-9745f0b elementor-widget-divider--view-line elementor-widget elementor-widget-divider\" data-id=\"9745f0b\" data-element_type=\"widget\" data-widget_type=\"divider.default\">\n\t\t\t\t<div class=\"elementor-widget-container\">\n\t\t\t\t\t\t\t<div class=\"elementor-divider\">\n\t\t\t<span class=\"elementor-divider-separator\">\n\t\t\t\t\t\t<\/span>\n\t\t<\/div>\n\t\t\t\t\t\t<\/div>\n\t\t\t\t<\/div>\n\t\t\t\t\t<\/div>\n\t\t<\/div>\n\t\t\t\t\t<\/div>\n\t\t<\/section>\n\t\t\t\t<\/div>\n\t\t","protected":false},"excerpt":{"rendered":"<p>Forskellige Autocorrect-muligheder AutocorrectType Kompatibilitet Virker i Installation AutoHotKey Kun Windows Alle programmer Nemt Words Autocorrect Alle styresystemer Kun Word Nemt Espanso Alle styresystemer Alle programmer Besv\u00e6rligt &#8211; is\u00e6r p\u00e5 MacOS Der findes flere m\u00e5der at f\u00e5 kemi-autokorrektur p\u00e5 din computer. Fordelen ved AutoHotkey (AHK) er, at det virker overalt \u2013 uanset om du skriver i&hellip;&nbsp;<a href=\"https:\/\/kemiformler.dk\/index.php\/autocorrect\/\" class=\"\" rel=\"bookmark\">Read More &raquo;<span class=\"screen-reader-text\">Autocorrect Download<\/span><\/a><\/p>\n","protected":false},"author":1,"featured_media":0,"parent":0,"menu_order":0,"comment_status":"closed","ping_status":"closed","template":"page-templates\/template-pagebuilder-full-width.php","meta":{"neve_meta_sidebar":"","neve_meta_container":"","neve_meta_enable_content_width":"","neve_meta_content_width":0,"neve_meta_title_alignment":"","neve_meta_author_avatar":"","neve_post_elements_order":"","neve_meta_disable_header":"","neve_meta_disable_footer":"","neve_meta_disable_title":"","footnotes":""},"class_list":["post-1199","page","type-page","status-publish","hentry"],"_links":{"self":[{"href":"https:\/\/kemiformler.dk\/index.php\/wp-json\/wp\/v2\/pages\/1199","targetHints":{"allow":["GET"]}}],"collection":[{"href":"https:\/\/kemiformler.dk\/index.php\/wp-json\/wp\/v2\/pages"}],"about":[{"href":"https:\/\/kemiformler.dk\/index.php\/wp-json\/wp\/v2\/types\/page"}],"author":[{"embeddable":true,"href":"https:\/\/kemiformler.dk\/index.php\/wp-json\/wp\/v2\/users\/1"}],"replies":[{"embeddable":true,"href":"https:\/\/kemiformler.dk\/index.php\/wp-json\/wp\/v2\/comments?post=1199"}],"version-history":[{"count":281,"href":"https:\/\/kemiformler.dk\/index.php\/wp-json\/wp\/v2\/pages\/1199\/revisions"}],"predecessor-version":[{"id":2409,"href":"https:\/\/kemiformler.dk\/index.php\/wp-json\/wp\/v2\/pages\/1199\/revisions\/2409"}],"wp:attachment":[{"href":"https:\/\/kemiformler.dk\/index.php\/wp-json\/wp\/v2\/media?parent=1199"}],"curies":[{"name":"wp","href":"https:\/\/api.w.org\/{rel}","templated":true}]}}